{"id":39,"date":"2025-07-28T00:03:01","date_gmt":"2025-07-27T22:03:01","guid":{"rendered":"https:\/\/fwrlp-oswald.de\/?page_id=39"},"modified":"2026-01-10T00:51:52","modified_gmt":"2026-01-09T23:51:52","slug":"startseite","status":"publish","type":"page","link":"https:\/\/fwrlp-oswald.de\/","title":{"rendered":"Startseite"},"content":{"rendered":"\n<figure class=\"wp-block-image size-full\"><img loading=\"lazy\" decoding=\"async\" width=\"1000\" height=\"667\" src=\"https:\/\/fwrlp-oswald.de\/wp-content\/uploads\/2025\/07\/DSC0375-2-1.jpg\" alt=\"\" class=\"wp-image-42\" srcset=\"https:\/\/fwrlp-oswald.de\/wp-content\/uploads\/2025\/07\/DSC0375-2-1.jpg 1000w, https:\/\/fwrlp-oswald.de\/wp-content\/uploads\/2025\/07\/DSC0375-2-1-300x200.jpg 300w, https:\/\/fwrlp-oswald.de\/wp-content\/uploads\/2025\/07\/DSC0375-2-1-768x512.jpg 768w\" sizes=\"auto, (max-width: 1000px) 100vw, 1000px\" \/><\/figure>\n\n\n\n<p><\/p>\n\n\n\n<!--more-->\n\n\n\n<h3 class=\"wp-block-heading\">Beruflicher Werdegang<\/h3>\n\n\n\n<ul class=\"wp-block-list\">\n<li>Inhaber, Landwirtschaftlicher Familienbetrieb, Freckenfeld<\/li>\n\n\n\n<li>Selbstst\u00e4ndiger Landwirtschaftsmeister mit Schwerpunkt auf Wein- und Ackerbau<\/li>\n\n\n\n<li>Aufbau und Weiterentwicklung des Betriebs<\/li>\n\n\n\n<li>Organisation von Anbau, Ernte, Vermarktung und Vertrieb<\/li>\n\n\n\n<li>Verantwortung f\u00fcr betriebswirtschaftliche Abl\u00e4ufe und Personalf\u00fchrung<\/li>\n<\/ul>\n\n\n\n<h3 class=\"wp-block-heading\">Politischer Werdegang<\/h3>\n\n\n\n<ul class=\"wp-block-list\">\n<li><strong>Seit 2009<\/strong> \u2013 Mitglied im Umweltausschuss der Ortsgemeinde Freckenfeld<\/li>\n\n\n\n<li><strong>Seit 2019<\/strong> \u2013 Mitglied im Gemeinderat Freckenfeld<\/li>\n\n\n\n<li><strong>Seit 2019<\/strong> \u2013 Mitglied im Verbandsgemeinderat Kandel<\/li>\n\n\n\n<li><strong>Seit 2019<\/strong> \u2013 1. Beigeordneter der Ortsgemeinde Freckenfeld<\/li>\n\n\n\n<li><strong>Seit 2024<\/strong> \u2013 Beigeordneter der Verbandsgemeinde Kandel, Gesch\u00e4ftsbereich Umwelt und Landwirtschaft<\/li>\n<\/ul>\n\n\n\n<h3 class=\"wp-block-heading\">Ausbildung &amp; Qualifikationen<\/h3>\n\n\n\n<ul class=\"wp-block-list\">\n<li>Ausbildung zum Landwirt<\/li>\n\n\n\n<li>Fachwirt f\u00fcr Landbau (Landwirtschaftliche Fachschule)<\/li>\n\n\n\n<li>Landwirtschaftsmeister (Meisterschule)<\/li>\n\n\n\n<li>Spediteur (Fachkundepr\u00fcfung G\u00fcterkraftverkehr, IHK)<\/li>\n<\/ul>\n\n\n\n<h3 class=\"wp-block-heading\">Pers\u00f6nliche Interessen<\/h3>\n\n\n\n<ul class=\"wp-block-list\">\n<li>Aktives Engagement bei der Freiwilligen Feuerwehr<\/li>\n<\/ul>\n\n\n\n<p><\/p>\n","protected":false},"excerpt":{"rendered":"","protected":false},"author":1,"featured_media":0,"parent":0,"menu_order":0,"comment_status":"closed","ping_status":"closed","template":"","meta":{"footnotes":""},"class_list":["post-39","page","type-page","status-publish","hentry"],"_links":{"self":[{"href":"https:\/\/fwrlp-oswald.de\/index.php?rest_route=\/wp\/v2\/pages\/39","targetHints":{"allow":["GET"]}}],"collection":[{"href":"https:\/\/fwrlp-oswald.de\/index.php?rest_route=\/wp\/v2\/pages"}],"about":[{"href":"https:\/\/fwrlp-oswald.de\/index.php?rest_route=\/wp\/v2\/types\/page"}],"author":[{"embeddable":true,"href":"https:\/\/fwrlp-oswald.de\/index.php?rest_route=\/wp\/v2\/users\/1"}],"replies":[{"embeddable":true,"href":"https:\/\/fwrlp-oswald.de\/index.php?rest_route=%2Fwp%2Fv2%2Fcomments&post=39"}],"version-history":[{"count":7,"href":"https:\/\/fwrlp-oswald.de\/index.php?rest_route=\/wp\/v2\/pages\/39\/revisions"}],"predecessor-version":[{"id":56,"href":"https:\/\/fwrlp-oswald.de\/index.php?rest_route=\/wp\/v2\/pages\/39\/revisions\/56"}],"wp:attachment":[{"href":"https:\/\/fwrlp-oswald.de\/index.php?rest_route=%2Fwp%2Fv2%2Fmedia&parent=39"}],"curies":[{"name":"wp","href":"https:\/\/api.w.org\/{rel}","templated":true}]}}